{"id":157,"date":"2024-04-23T19:56:27","date_gmt":"2024-04-23T19:56:27","guid":{"rendered":"https:\/\/kerstin-barczus.de\/?page_id=157"},"modified":"2024-04-23T19:56:28","modified_gmt":"2024-04-23T19:56:28","slug":"ziele","status":"publish","type":"page","link":"https:\/\/kerstin-barczus.de\/?page_id=157","title":{"rendered":"Ziele"},"content":{"rendered":"\n<p><strong>Meine Ziele f\u00fcr die n\u00e4chsten 6 Jahre<\/strong><\/p>\n\n\n\n<p>In Kaulsdorf, wie in vielen anderen l\u00e4ndlichen Gemeinden in Deutschland, stehen wir vor gro\u00dfen Herausforderungen. Es ist jedoch entscheidend, dass wir mit Zuversicht nach vorne blicken und die Eigenst\u00e4ndigkeit sowie Entwicklung unserer Gemeinde aktiv gestalten. Ich bin motiviert, gemeinsam mit Ihnen, den B\u00fcrgerinnen und B\u00fcrgern, sowie dem Gemeinderat und der Gemeindeverwaltung, diese neuen Herausforderungen zu meistern.<\/p>\n\n\n\n<p>Die nachhaltige wirtschaftliche Entwicklung Kaulsdorfs und der Ausbau unserer Versorgungsinfrastruktur sind das Fundament daf\u00fcr, was wir erreichen und bewahren wollen. Ich freue mich darauf, mit lokalen Handwerkern, Gewerbetreibenden, Gastronomen und Dienstleistern zusammenzuarbeiten, um Kaulsdorf zu st\u00e4rken. Der Ausbau der Verkehrsinfrastruktur sowohl in als auch au\u00dferhalb unserer Gemeinde ist wichtig. Ebenso wichtig ist die F\u00f6rderung der touristischen Angebote, die unsere l\u00e4ndlichen Besonderheiten hervorheben. <\/p>\n\n\n\n<p>Das Vorantreiben der Digitalisierung in der Verwaltung und im t\u00e4glichen Leben ist entscheidend, um zuk\u00fcnftigen Herausforderungen gerecht zu werden. Jedes Kind in Kaulsdorf soll einen Kindergartenplatz erhalten  und unsere Senioren sollen sich nicht isoliert f\u00fchlen, sondern aktiv am gesellschaftlichen Leben teilhaben.<\/p>\n\n\n\n<p>Gemeinsam mit Ihnen, liebe B\u00fcrgerinnen und B\u00fcrger von Kaulsdorf, m\u00f6chte ich eine Zukunft gestalten, auf die wir alle stolz sein k\u00f6nnen, w\u00e4hrend wir die l\u00e4ndliche Eigenst\u00e4ndigkeit unserer sch\u00f6nen Gemeinde wahren.<\/p>\n","protected":false},"excerpt":{"rendered":"<p>Meine Ziele f\u00fcr die n\u00e4chsten 6 Jahre In Kaulsdorf, wie in vielen anderen l\u00e4ndlichen Gemeinden in Deutschland, stehen wir vor gro\u00dfen Herausforderungen. Es ist jedoch entscheidend, dass wir mit Zuversicht nach vorne blicken und die Eigenst\u00e4ndigkeit sowie Entwicklung unserer Gemeinde aktiv gestalten. Ich bin motiviert, gemeinsam mit Ihnen, den B\u00fcrgerinnen [&hellip;]<\/p>\n","protected":false},"author":1,"featured_media":0,"parent":0,"menu_order":0,"comment_status":"closed","ping_status":"closed","template":"","meta":{"footnotes":""},"aioseo_notices":[],"_links":{"self":[{"href":"https:\/\/kerstin-barczus.de\/index.php?rest_route=\/wp\/v2\/pages\/157"}],"collection":[{"href":"https:\/\/kerstin-barczus.de\/index.php?rest_route=\/wp\/v2\/pages"}],"about":[{"href":"https:\/\/kerstin-barczus.de\/index.php?rest_route=\/wp\/v2\/types\/page"}],"author":[{"embeddable":true,"href":"https:\/\/kerstin-barczus.de\/index.php?rest_route=\/wp\/v2\/users\/1"}],"replies":[{"embeddable":true,"href":"https:\/\/kerstin-barczus.de\/index.php?rest_route=%2Fwp%2Fv2%2Fcomments&post=157"}],"version-history":[{"count":3,"href":"https:\/\/kerstin-barczus.de\/index.php?rest_route=\/wp\/v2\/pages\/157\/revisions"}],"predecessor-version":[{"id":161,"href":"https:\/\/kerstin-barczus.de\/index.php?rest_route=\/wp\/v2\/pages\/157\/revisions\/161"}],"wp:attachment":[{"href":"https:\/\/kerstin-barczus.de\/index.php?rest_route=%2Fwp%2Fv2%2Fmedia&parent=157"}],"curies":[{"name":"wp","href":"https:\/\/api.w.org\/{rel}","templated":true}]}}